{"id":60,"date":"2019-11-20T17:51:47","date_gmt":"2019-11-20T17:51:47","guid":{"rendered":"https:\/\/ibsr.info\/?page_id=60"},"modified":"2024-07-26T09:49:48","modified_gmt":"2024-07-26T09:49:48","slug":"aktuelles","status":"publish","type":"page","link":"https:\/\/ibsr.de\/?page_id=60","title":{"rendered":"Aktuelles"},"content":{"rendered":"\n<div data-wp-interactive=\"core\/file\" class=\"wp-block-file\"><object data-wp-bind--hidden=\"!state.hasPdfPreview\" hidden class=\"wp-block-file__embed\" data=\"https:\/\/ibsr.de\/wp-content\/uploads\/2024\/07\/AK-MV-Einladung-2024-07-2.pdf\" type=\"application\/pdf\" style=\"width:100%;height:600px\" aria-label=\"Einbettung von A&amp;K - MV Einladung-2024-07.\"><\/object><a id=\"wp-block-file--media-732c4ef6-b2d7-458f-bd6a-947e49d82a63\" href=\"https:\/\/ibsr.de\/wp-content\/uploads\/2024\/07\/AK-MV-Einladung-2024-07-2.pdf\">A&#038;K &#8211; MV Einladung-2024-07<\/a><a href=\"https:\/\/ibsr.de\/wp-content\/uploads\/2024\/07\/AK-MV-Einladung-2024-07-2.pdf\" class=\"wp-block-file__button wp-element-button\" download aria-describedby=\"wp-block-file--media-732c4ef6-b2d7-458f-bd6a-947e49d82a63\">Herunterladen<\/a><\/div>\n\n\n\n<div data-wp-interactive=\"core\/file\" class=\"wp-block-file\"><object data-wp-bind--hidden=\"!state.hasPdfPreview\" hidden class=\"wp-block-file__embed\" data=\"https:\/\/ibsr.de\/wp-content\/uploads\/2024\/07\/Positionspapier-IBSR-2024-07-1.pdf\" type=\"application\/pdf\" style=\"width:100%;height:600px\" aria-label=\"Einbettung von Positionspapier-IBSR-2024-07.\"><\/object><a id=\"wp-block-file--media-7f28f48e-223f-491f-b0c2-5d2feb14f1df\" href=\"https:\/\/ibsr.de\/wp-content\/uploads\/2024\/07\/Positionspapier-IBSR-2024-07-1.pdf\">Positionspapier-IBSR-2024-07<\/a><a href=\"https:\/\/ibsr.de\/wp-content\/uploads\/2024\/07\/Positionspapier-IBSR-2024-07-1.pdf\" class=\"wp-block-file__button wp-element-button\" download aria-describedby=\"wp-block-file--media-7f28f48e-223f-491f-b0c2-5d2feb14f1df\">Herunterladen<\/a><\/div>\n\n\n\n<figure class=\"wp-block-image size-large\"><img loading=\"lazy\" decoding=\"async\" width=\"1024\" height=\"589\" src=\"https:\/\/ibsr.de\/wp-content\/uploads\/2024\/06\/IBSR-BRLV-2-1024x589.jpg\" alt=\"\" class=\"wp-image-347\"\/><\/figure>\n\n\n\n<p>Besprechen des Positionspapiers und in weiten Teilen gro\u00dfe<br>\u00dcbereinstimmung, gemeinsame Ziele \u2026 Konstruktive Atmosph\u00e4re\u2026<\/p>\n\n\n\n<p><\/p>\n\n\n\n<figure class=\"wp-block-image size-full\"><img loading=\"lazy\" decoding=\"async\" width=\"855\" height=\"732\" src=\"https:\/\/ibsr.de\/wp-content\/uploads\/2024\/06\/Kumi24-1.jpg\" alt=\"\" class=\"wp-image-342\"\/><\/figure>\n\n\n\n<p>Treffen mit der bayerischen Staatsministerin f\u00fcr Unterricht und Kultus Fr. Stolz am 29.05.2024<\/p>\n\n\n\n<p>Die Vorstandsvorsitzenden des IBSR Hr. Wurpes und Fr. Hintermayr traffen sich am 29.05.2024 mit der bayerischen Staatsministerin f\u00fcr Unterricht und Kultus in M\u00fcnchen. Diskutiert wurde \u00fcber die Verzahnung von Theorie und Praxis im Lehramtsstudium und \u00fcber das Thema Inklusion als Lerninhalt in der Ausbildung. Zus\u00e4tzlich wurden die f\u00fcr den IBSR wichtigen Themen wie Anrechnungsstunden und Bef\u00f6rderungsm\u00f6glichkeiten f\u00fcr Seminarlehrer:innen angesprochen sowie die Annerkennung und Relevanz der allgemeinen F\u00e4cher besprochen.  <\/p>\n\n\n\n<p><\/p>\n\n\n\n<figure class=\"wp-block-image size-full\"><img loading=\"lazy\" decoding=\"async\" width=\"1024\" height=\"768\" src=\"https:\/\/ibsr.de\/wp-content\/uploads\/2023\/07\/IBSR-Deisenhofer.jpg\" alt=\"\" class=\"wp-image-317\"\/><\/figure>\n\n\n\n<p><\/p>\n\n\n\n<p>Die IBSR-Vorsitzenden Maria Hintermayr und Armin Wurpes trafen sich im Juli 2023 mit dem Abgeordneten des Bayerischen Landtags Max Deisenhofer (Die Gr\u00fcnen, Mitglied des Bildungsaus-schusses), um \u00fcber das aktuelle Positionspapier der IBSR zu diskutieren. In einem konstruktiven Gespr\u00e4ch wurden Themen wie etwa die Qualit\u00e4t der Lehrerausbildung, der bereits erkennbare Lehrermangel und M\u00f6glichkeiten zur St\u00e4rkung der Ausbildungsqualit\u00e4t besprochen.<\/p>\n\n\n\n<p><\/p>\n\n\n\n<p><\/p>\n\n\n\n<p><strong>Vorank\u00fcndigung:<\/strong><br>Unsere diesj\u00e4hrige Mitgliederversammlung wird am 13. Oktober 2023 (Freitag, 14:30 &#8211; 17:30 Uhr) in N\u00fcrnberg stattfinden, wozu wir Sie bereits jetzt schon ganz herzlich einladen m\u00f6chten.<\/p>\n\n\n\n<p><\/p>\n\n\n\n<p><\/p>\n\n\n\n<p><\/p>\n\n\n\n<p><\/p>\n\n\n\n<figure class=\"wp-block-image size-full\"><img loading=\"lazy\" decoding=\"async\" width=\"960\" height=\"720\" src=\"https:\/\/ibsr.de\/wp-content\/uploads\/2023\/02\/BLT-2.jpg\" alt=\"\" class=\"wp-image-290\"\/><figcaption class=\"wp-element-caption\">Die IBSR-Vorsitzenden Maria Hintermayr und Armin Wurpes trafen sich am Februar 2023 mit den Abgeordneten des Bayerischen Landtags Tobias Gotthardt (FW, stellvertretender Vorsitzender des Bildungsausschusses) sowie Johann H\u00e4usler (FW, Mitglied des Bildungsausschusses), um \u00fcber das<br>aktuelle Positionspapier der IBSR zu diskutieren. Gespr\u00e4chsthemen waren insbesondere die Lehrerausbildung (auch in Bezug auf Quereinsteiger), die Steigerung der Attraktivit\u00e4t des Lehrerberufs und die St\u00e4rkung der Ausbildungsqualit\u00e4t durch entsprechende Ressourcen im Seminarbereich.<br>Dar\u00fcber hinaus wurde auf die Bef\u00f6rderungssituation der Seminarlehrkr\u00e4fte eingegangen. Die IBSR stie\u00df bei diesem \u00e4u\u00dferst konstruktiven Austausch mit ihren Anliegen auf offene Ohren.<\/figcaption><\/figure>\n\n\n\n<p><\/p>\n\n\n\n<p><\/p>\n\n\n\n<figure class=\"wp-block-image size-full\"><img loading=\"lazy\" decoding=\"async\" width=\"813\" height=\"500\" src=\"https:\/\/ibsr.de\/wp-content\/uploads\/2023\/02\/IBSR-BRLV2-1.jpg\" alt=\"\" class=\"wp-image-288\"\/><figcaption class=\"wp-element-caption\">Die IBSR-Vorsitzenden Maria Hintermayr und Armin Wurpes trafen sich am Dezember 2022 mit dem BRLV-Landesvorsitzenden J\u00fcrgen B\u00f6hm, BRLV-Gesch\u00e4ftsf\u00fchrer Ralf Neugschwender und BRLV-Schatzmeister Florian Klemm, um \u00fcber das aktuelle Positionspapier der IBSR zu diskutieren.<br>Gespr\u00e4chsthemen waren insbesondere die Lehrerausbildung (auch in Bezug auf Quereinsteiger), die Steigerung der Attraktivit\u00e4t des Lehrerberufs und die St\u00e4rkung der Ausbildungsqualit\u00e4t durch entsprechende Ressourcen im Seminarbereich. Sowohl der BRLV als auch die IBSR betonten die<br>Notwendigkeit der F\u00f6rderung des Seminarbereichs, um durch Ausbildungsqualit\u00e4t und -gerechtigkeit die Schulart &#8222;Realschule&#8220; und deren positiven Ruf in der Gesellschaft auch weiterhin zu st\u00e4rken.<\/figcaption><\/figure>\n\n\n\n<p><\/p>\n\n\n\n<p><\/p>\n\n\n\n<p><\/p>\n\n\n\n<p><\/p>\n\n\n\n<div data-wp-interactive=\"core\/file\" class=\"wp-block-file\"><object data-wp-bind--hidden=\"!state.hasPdfPreview\" hidden class=\"wp-block-file__embed\" data=\"https:\/\/ibsr.de\/wp-content\/uploads\/2022\/07\/AK-MV-Einladung-2022-07.pdf\" type=\"application\/pdf\" style=\"width:100%;height:600px\" aria-label=\"Einbettung von AK-MV-Einladung-2022-07.\"><\/object><a id=\"wp-block-file--media-77722da9-de75-442b-9843-78046bc9aae0\" href=\"https:\/\/ibsr.de\/wp-content\/uploads\/2022\/07\/AK-MV-Einladung-2022-07.pdf\">AK-MV-Einladung-2022-07<\/a><a href=\"https:\/\/ibsr.de\/wp-content\/uploads\/2022\/07\/AK-MV-Einladung-2022-07.pdf\" class=\"wp-block-file__button wp-element-button\" download aria-describedby=\"wp-block-file--media-77722da9-de75-442b-9843-78046bc9aae0\">Herunterladen<\/a><\/div>\n\n\n\n<figure class=\"wp-block-image size-large\"><img loading=\"lazy\" decoding=\"async\" width=\"911\" height=\"1024\" src=\"https:\/\/ibsr.de\/wp-content\/uploads\/2022\/07\/IMG_0456-002-911x1024.jpg\" alt=\"\" class=\"wp-image-261\"\/><\/figure>\n\n\n\n<figure class=\"wp-block-image size-large\"><img loading=\"lazy\" decoding=\"async\" width=\"1024\" height=\"768\" src=\"https:\/\/ibsr.de\/wp-content\/uploads\/2022\/07\/IMG_0404-002-1024x768.jpg\" alt=\"\" class=\"wp-image-260\"\/><\/figure>\n\n\n\n<div data-wp-interactive=\"core\/file\" class=\"wp-block-file\"><object data-wp-bind--hidden=\"!state.hasPdfPreview\" hidden class=\"wp-block-file__embed\" data=\"https:\/\/ibsr.de\/wp-content\/uploads\/2022\/07\/GespraechIBSRTomaschko.pdf\" type=\"application\/pdf\" style=\"width:100%;height:600px\" aria-label=\"Einbettung von GespraechIBSRTomaschko.\"><\/object><a id=\"wp-block-file--media-814b60d5-528c-4ede-812f-4fb02977221e\" href=\"https:\/\/ibsr.de\/wp-content\/uploads\/2022\/07\/GespraechIBSRTomaschko.pdf\">GespraechIBSRTomaschko<\/a><a href=\"https:\/\/ibsr.de\/wp-content\/uploads\/2022\/07\/GespraechIBSRTomaschko.pdf\" class=\"wp-block-file__button wp-element-button\" download aria-describedby=\"wp-block-file--media-814b60d5-528c-4ede-812f-4fb02977221e\">Herunterladen<\/a><\/div>\n\n\n\n<div data-wp-interactive=\"core\/file\" class=\"wp-block-file\"><object data-wp-bind--hidden=\"!state.hasPdfPreview\" hidden class=\"wp-block-file__embed\" data=\"https:\/\/ibsr.info\/wp-content\/uploads\/2021\/08\/Aktuell-und-in-Kuerze-2021-07-28.pdf\" type=\"application\/pdf\" style=\"width:100%;height:600px\" aria-label=\"Einbettung von Aktuell-und-in-Kuerze-2021-07-28.\"><\/object><a id=\"wp-block-file--media-b39ae76b-87db-48a1-bcf5-27b0f05e4806\" href=\"https:\/\/ibsr.de\/wp-content\/uploads\/2021\/08\/Aktuell-und-in-Kuerze-2021-07-28.pdf\">Aktuell-und-in-Kuerze-2021-07-28<\/a><a href=\"https:\/\/ibsr.info\/wp-content\/uploads\/2021\/08\/Aktuell-und-in-Kuerze-2021-07-28.pdf\" class=\"wp-block-file__button wp-element-button\" download aria-describedby=\"wp-block-file--media-b39ae76b-87db-48a1-bcf5-27b0f05e4806\">Herunterladen<\/a><\/div>\n\n\n<div class=\"wp-block-image\">\n<figure class=\"aligncenter size-large is-resized\"><img loading=\"lazy\" decoding=\"async\" width=\"444\" height=\"521\" src=\"https:\/\/ibsr.de\/wp-content\/uploads\/2021\/07\/IBSRAktion1b.jpg\" alt=\"\" class=\"wp-image-214\" style=\"width:407px;height:478px\"\/><\/figure>\n<\/div>\n\n<div class=\"wp-block-image\">\n<figure class=\"aligncenter size-large\"><img loading=\"lazy\" decoding=\"async\" width=\"605\" height=\"454\" src=\"https:\/\/ibsr.de\/wp-content\/uploads\/2021\/07\/IBSRAktion3b.jpg\" alt=\"\" class=\"wp-image-215\"\/><\/figure>\n<\/div>\n\n\n<p>Sommeraktion der IBSR \u2013 dieses Jahr gibt\u2019s eine kleine Aufmerksamkeit.<\/p>\n\n\n\n<p>\u2026damit es auch im n\u00e4chsten Jahr gut weiterl\u00e4uft. Wir alle geben unser Bestes f\u00fcr ein \u201estarkes\u201c Seminar!<\/p>\n\n\n\n<p>Viele Gr\u00fc\u00dfe auf diesem Weg<\/p>\n\n\n\n<p>Armin Wurpes und Maria Hintermayr und das IBSR-Team<\/p>\n\n\n\n<p><em>\u2026 und wir freuen uns auf weitere Mitglieder!<\/em><\/p>\n\n\n\n<p><\/p>\n\n\n\n<div class=\"wp-block-file\"><a id=\"wp-block-file--media-a96c4591-3b1a-4919-afc7-be0c73a69930\" href=\"https:\/\/ibsr.de\/wp-content\/uploads\/2021\/03\/Aktuell-und-in-Kuerze-Maerz2021.pdf\"><br>Aktuell-und-in-Kuerze-Maerz2021<\/a><a href=\"https:\/\/ibsr.de\/wp-content\/uploads\/2021\/03\/Aktuell-und-in-Kuerze-Maerz2021.pdf\" class=\"wp-block-file__button\" download aria-describedby=\"wp-block-file--media-a96c4591-3b1a-4919-afc7-be0c73a69930\">Herunterladen<\/a><\/div>\n\n\n\n<div class=\"wp-block-file\"><a id=\"wp-block-file--media-ef0a76a9-f345-4a73-ade1-85139c597f2e\" href=\"https:\/\/ibsr.de\/wp-content\/uploads\/2021\/03\/Positionspapier-CORONA-IBSR_03-2021.pdf\">Positionspapier-CORONA-IBSR_03-2021<\/a><a href=\"https:\/\/ibsr.de\/wp-content\/uploads\/2021\/03\/Positionspapier-CORONA-IBSR_03-2021.pdf\" class=\"wp-block-file__button\" download aria-describedby=\"wp-block-file--media-ef0a76a9-f345-4a73-ade1-85139c597f2e\">Herunterladen<\/a><\/div>\n\n\n\n<p>Am 23.09. fand ein Treffen mit dem BRLV (1. Vorsitzender Herr B\u00f6hm und<br>Gesch\u00e4ftsf\u00fchrer Hr. Neugschwender) statt. Dabei wurde \u00fcber  Positionspapier diskutiert, wobei eine gro\u00dfe \u00dcbereinstimmung in vielen Punkten bestand.<\/p>\n\n\n\n<p>26.10.2020: Treffen mit Kultusminister Prof. Dr. Piazolo<\/p>\n\n\n\n<p><\/p>\n\n\n\n<div class=\"wp-block-file\"><a id=\"wp-block-file--media-23f94707-601f-49b1-b1cb-fdb61d268cbe\" href=\"https:\/\/ibsr.de\/wp-content\/uploads\/2020\/09\/Positionspapier-IBSR_092020-1.pdf\">Positionspapier-IBSR_092020-1<\/a><a href=\"https:\/\/ibsr.de\/wp-content\/uploads\/2020\/09\/Positionspapier-IBSR_092020-1.pdf\" class=\"wp-block-file__button\" download aria-describedby=\"wp-block-file--media-23f94707-601f-49b1-b1cb-fdb61d268cbe\">Herunterladen<\/a><\/div>\n\n\n<p>Aktuelles f\u00fcr Referendare und Seminarlehrer<\/p>\n\n\n<div class=\"wp-block-file\"><a id=\"wp-block-file--media-55f041f2-85d7-46e2-b932-8581d446be2c\" href=\"https:\/\/ibsr.de\/wp-content\/uploads\/2020\/02\/AK-MV-Einladung-2020-02.pdf\">A&amp;K &#8211; MV-Einladung-2020-02<\/a><a href=\"https:\/\/ibsr.de\/wp-content\/uploads\/2020\/02\/AK-MV-Einladung-2020-02.pdf\" class=\"wp-block-file__button\" download aria-describedby=\"wp-block-file--media-55f041f2-85d7-46e2-b932-8581d446be2c\">Herunterladen<\/a><\/div>\n\n\n\n<figure class=\"wp-block-image size-large\"><img loading=\"lazy\" decoding=\"async\" width=\"490\" height=\"327\" src=\"https:\/\/ibsr.de\/wp-content\/uploads\/2020\/03\/Landtag-kl.jpg\" alt=\"\" class=\"wp-image-130\"\/><\/figure>\n\n\n\n<p> Foto: Stephan Weichenrieder\/FREIE W\u00c4HLER Landtagsfraktion <\/p>\n\n\n\n<p>Treffen der Vorstandsmitglieder Maria Hintemayr, Armin Wurpes und Stefan Koch mit Frau Eva Gottstein (MdL) im Landtag am 03.03.20. <\/p>\n\n\n\n<p> Dabei wurde ein konstruktives Gespr\u00e4ch zu folgenden Themen gef\u00fchrt:<br> <br> &#8211; Wertsch\u00e4tzung der Arbeit der Seminarlehrkr\u00e4fte<br>  &#8211; Gleichstellung \/ Synchronisation mit den Bef\u00f6rderungsmodalit\u00e4ten der<br> &nbsp;&nbsp;  erweiterten Schulleitung<br> &#8211; Schaffung einer Bef\u00f6rderungsm\u00f6glichkeit f\u00fcr Seminarrektoren <br>     durch Gew\u00e4hrung einer Amtszulage (A14 + Z) f\u00fcr Seminarlehrkr\u00e4fte      <br> &#8211; Bedeutung der Arbeit der Seminarlehrkr\u00e4fte in Bezug auf die Qualit\u00e4t der Schulart Realschule<\/p>\n\n\n\n<figure class=\"wp-block-image size-large\"><img loading=\"lazy\" decoding=\"async\" width=\"423\" height=\"314\" src=\"https:\/\/ibsr.de\/wp-content\/uploads\/2020\/02\/Vorstandssitzung-Februar.jpg\" alt=\"\" class=\"wp-image-121\"\/><\/figure>\n\n\n\n<p>Vorstandssitzung am 07.02.20 im M\u00fcnchen<\/p>\n\n\n\n\n\n<p><\/p>\n","protected":false},"excerpt":{"rendered":"<p>Besprechen des Positionspapiers und in weiten Teilen gro\u00dfe\u00dcbereinstimmung, gemeinsame Ziele \u2026 Konstruktive Atmosph\u00e4re\u2026 Treffen mit der bayerischen Staatsministerin f\u00fcr Unterricht und Kultus Fr. Stolz am<span class=\"read-more-link\"><a class=\"read-more\" href=\"https:\/\/ibsr.de\/?page_id=60\">Read More<\/a><\/span><\/p>\n","protected":false},"author":1,"featured_media":0,"parent":0,"menu_order":0,"comment_status":"closed","ping_status":"closed","template":"","meta":{"footnotes":""},"class_list":["post-60","page","type-page","status-publish","hentry"],"_links":{"self":[{"href":"https:\/\/ibsr.de\/index.php?rest_route=\/wp\/v2\/pages\/60","targetHints":{"allow":["GET"]}}],"collection":[{"href":"https:\/\/ibsr.de\/index.php?rest_route=\/wp\/v2\/pages"}],"about":[{"href":"https:\/\/ibsr.de\/index.php?rest_route=\/wp\/v2\/types\/page"}],"author":[{"embeddable":true,"href":"https:\/\/ibsr.de\/index.php?rest_route=\/wp\/v2\/users\/1"}],"replies":[{"embeddable":true,"href":"https:\/\/ibsr.de\/index.php?rest_route=%2Fwp%2Fv2%2Fcomments&post=60"}],"version-history":[{"count":24,"href":"https:\/\/ibsr.de\/index.php?rest_route=\/wp\/v2\/pages\/60\/revisions"}],"predecessor-version":[{"id":364,"href":"https:\/\/ibsr.de\/index.php?rest_route=\/wp\/v2\/pages\/60\/revisions\/364"}],"wp:attachment":[{"href":"https:\/\/ibsr.de\/index.php?rest_route=%2Fwp%2Fv2%2Fmedia&parent=60"}],"curies":[{"name":"wp","href":"https:\/\/api.w.org\/{rel}","templated":true}]}}