{"id":12,"date":"2019-06-05T17:21:42","date_gmt":"2019-06-05T17:21:42","guid":{"rendered":"https:\/\/ibsr.info\/?page_id=12"},"modified":"2023-04-24T18:22:11","modified_gmt":"2023-04-24T18:22:11","slug":"vorstand","status":"publish","type":"page","link":"https:\/\/ibsr.de\/?page_id=12","title":{"rendered":"Vorstand"},"content":{"rendered":"\n<p> <strong>Gesch\u00e4ftsf\u00fchrender Vorstand der IBSR:<\/strong> <\/p>\n\n\n\n<figure class=\"wp-block-table alignleft\"><table><tbody><tr><td class=\"has-text-align-center\" data-align=\"center\"><img decoding=\"async\" src=\"https:\/\/ibsr.de\/wp-content\/uploads\/2023\/04\/1.-Vorsitzender-Armin-Wurpes-2-SermR-als-ZFL-Paedagogik.jpg\" alt=\"\"><\/td><td class=\"has-text-align-center\" data-align=\"center\"><img decoding=\"async\" src=\"https:\/\/ibsr.de\/wp-content\/uploads\/2023\/04\/2.-VorsitzendeMaria-Hintermayr-2-SemRin-als-ZFL-Wirtschaftswissenschaften.jpg\" alt=\"\"> <\/td><\/tr><tr><td class=\"has-text-align-center\" data-align=\"center\">1. Vorsitzender  <br>SemR als ZFL P\u00e4dagogik <br>Armin Wurpes<br> <\/td><td class=\"has-text-align-center\" data-align=\"center\">Stellvertretende Vorsitzende<br>SemRin als ZFL Witschaftswissenschaften<br>Maria Hintermayr<br>   <\/td><\/tr><tr><td class=\"has-text-align-center\" data-align=\"center\"><img decoding=\"async\" src=\"https:\/\/ibsr.de\/wp-content\/uploads\/2023\/04\/Schriftfuehrerin-Yvonne-Paul-SemRin-K.jpg\" alt=\"\"><\/td><td class=\"has-text-align-center\" data-align=\"center\"><img decoding=\"async\" src=\"https:\/\/ibsr.de\/wp-content\/uploads\/2023\/04\/Schatzmeister-Stefan-Koch-SemR-Ph.jpg\" alt=\"\"><\/td><\/tr><tr><td class=\"has-text-align-center\" data-align=\"center\">Schriftf\u00fchrerin und Kassenpr\u00fcferin <br>SemRin K  <br>Yvonne Paul<br><\/td><td class=\"has-text-align-center\" data-align=\"center\">Schatzmeister <br>SemR\u00a0Ph<br>Stefan Koch<br><\/td><\/tr><tr><td class=\"has-text-align-center\" data-align=\"center\"><img loading=\"lazy\" decoding=\"async\" width=\"150\" height=\"165\" class=\"wp-image-103\" style=\"width: 150px;\" src=\"https:\/\/ibsr.de\/wp-content\/uploads\/2019\/12\/lieb.jpg\" alt=\"\"><\/td><td class=\"has-text-align-center\" data-align=\"center\"><img decoding=\"async\" src=\"https:\/\/ibsr.de\/wp-content\/uploads\/2023\/04\/erweiterte-Vorstandsschaft-Susanne-Hegemann-SemR-D.jpg\" alt=\"\"><\/td><\/tr><tr><td class=\"has-text-align-center\" data-align=\"center\">Homepage<br> SemR M<br>Martin Liebl<br> <\/td><td class=\"has-text-align-center\" data-align=\"center\">erweiterte Vorstandschaft<br>SemRin D<br>Susanne Hegemann<\/td><\/tr><tr><td class=\"has-text-align-center\" data-align=\"center\"><img decoding=\"async\" src=\"https:\/\/ibsr.de\/wp-content\/uploads\/2023\/04\/erweiterte-Vorstandsschaft-Christine-Leydel-SemRin-Geo_Paed.jpg\" alt=\"\"><\/td><td class=\"has-text-align-center\" data-align=\"center\"><img decoding=\"async\" src=\"https:\/\/ibsr.de\/wp-content\/uploads\/2023\/04\/erweiterte-Vorstandsschaft-Michael-Bendel-RSK.jpg\" alt=\"\"><\/td><\/tr><tr><td class=\"has-text-align-center\" data-align=\"center\">erweiterte Vorstandschaft<br>SemRin Geo\/P\u00e4d<br>Christine Leydel<\/td><td class=\"has-text-align-center\" data-align=\"center\">erweiterte Vorstandschaft<br>RSK<br>Michael Bendel<\/td><\/tr><\/tbody><\/table><\/figure>\n\n\n\n<p><\/p>\n\n\n\n<p><\/p>\n\n\n\n<div class=\"wp-block-group\"><div class=\"wp-block-group__inner-container is-layout-flow wp-block-group-is-layout-flow\"><\/div><\/div>\n","protected":false},"excerpt":{"rendered":"<p>Gesch\u00e4ftsf\u00fchrender Vorstand der IBSR: 1. Vorsitzender SemR als ZFL P\u00e4dagogik Armin Wurpes Stellvertretende VorsitzendeSemRin als ZFL WitschaftswissenschaftenMaria Hintermayr Schriftf\u00fchrerin und Kassenpr\u00fcferin SemRin K Yvonne Paul<span class=\"read-more-link\"><a class=\"read-more\" href=\"https:\/\/ibsr.de\/?page_id=12\">Read More<\/a><\/span><\/p>\n","protected":false},"author":1,"featured_media":0,"parent":0,"menu_order":0,"comment_status":"closed","ping_status":"closed","template":"","meta":{"footnotes":""},"class_list":["post-12","page","type-page","status-publish","hentry"],"_links":{"self":[{"href":"https:\/\/ibsr.de\/index.php?rest_route=\/wp\/v2\/pages\/12","targetHints":{"allow":["GET"]}}],"collection":[{"href":"https:\/\/ibsr.de\/index.php?rest_route=\/wp\/v2\/pages"}],"about":[{"href":"https:\/\/ibsr.de\/index.php?rest_route=\/wp\/v2\/types\/page"}],"author":[{"embeddable":true,"href":"https:\/\/ibsr.de\/index.php?rest_route=\/wp\/v2\/users\/1"}],"replies":[{"embeddable":true,"href":"https:\/\/ibsr.de\/index.php?rest_route=%2Fwp%2Fv2%2Fcomments&post=12"}],"version-history":[{"count":20,"href":"https:\/\/ibsr.de\/index.php?rest_route=\/wp\/v2\/pages\/12\/revisions"}],"predecessor-version":[{"id":314,"href":"https:\/\/ibsr.de\/index.php?rest_route=\/wp\/v2\/pages\/12\/revisions\/314"}],"wp:attachment":[{"href":"https:\/\/ibsr.de\/index.php?rest_route=%2Fwp%2Fv2%2Fmedia&parent=12"}],"curies":[{"name":"wp","href":"https:\/\/api.w.org\/{rel}","templated":true}]}}