{"id":10,"date":"2019-06-05T17:18:50","date_gmt":"2019-06-05T17:18:50","guid":{"rendered":"https:\/\/ibsr.info\/?page_id=10"},"modified":"2019-06-05T17:36:57","modified_gmt":"2019-06-05T17:36:57","slug":"ueber-den-ibsr","status":"publish","type":"page","link":"https:\/\/ibsr.de\/?page_id=10","title":{"rendered":"\u00dcber die IBSR"},"content":{"rendered":"\n<p> Gegr\u00fcndet 1997 als e.V. <\/p>\n\n\n\n<p> Gesch\u00e4ftssitz: N\u00fcrnberg <\/p>\n\n\n\n<p> Mitglieder: Seminarleiter, Seminarlehrkr\u00e4fte, Zentrale Fachleiter <\/p>\n\n\n\n<p> Ziel: Optimierung der Ausbildung an Studienseminaren der Realschulen in Bayern <\/p>\n\n\n\n<p><\/p>\n","protected":false},"excerpt":{"rendered":"<p>Gegr\u00fcndet 1997 als e.V. Gesch\u00e4ftssitz: N\u00fcrnberg Mitglieder: Seminarleiter, Seminarlehrkr\u00e4fte, Zentrale Fachleiter Ziel: Optimierung der Ausbildung an Studienseminaren der Realschulen in Bayern<\/p>\n","protected":false},"author":1,"featured_media":0,"parent":0,"menu_order":0,"comment_status":"closed","ping_status":"closed","template":"","meta":{"footnotes":""},"class_list":["post-10","page","type-page","status-publish","hentry"],"_links":{"self":[{"href":"https:\/\/ibsr.de\/index.php?rest_route=\/wp\/v2\/pages\/10","targetHints":{"allow":["GET"]}}],"collection":[{"href":"https:\/\/ibsr.de\/index.php?rest_route=\/wp\/v2\/pages"}],"about":[{"href":"https:\/\/ibsr.de\/index.php?rest_route=\/wp\/v2\/types\/page"}],"author":[{"embeddable":true,"href":"https:\/\/ibsr.de\/index.php?rest_route=\/wp\/v2\/users\/1"}],"replies":[{"embeddable":true,"href":"https:\/\/ibsr.de\/index.php?rest_route=%2Fwp%2Fv2%2Fcomments&post=10"}],"version-history":[{"count":2,"href":"https:\/\/ibsr.de\/index.php?rest_route=\/wp\/v2\/pages\/10\/revisions"}],"predecessor-version":[{"id":22,"href":"https:\/\/ibsr.de\/index.php?rest_route=\/wp\/v2\/pages\/10\/revisions\/22"}],"wp:attachment":[{"href":"https:\/\/ibsr.de\/index.php?rest_route=%2Fwp%2Fv2%2Fmedia&parent=10"}],"curies":[{"name":"wp","href":"https:\/\/api.w.org\/{rel}","templated":true}]}}